{"id":259,"date":"2023-06-27T20:04:33","date_gmt":"2023-06-28T02:04:33","guid":{"rendered":"https:\/\/sistemashidraulicosqro.codenok.com\/?post_type=product&#038;p=259"},"modified":"2023-06-27T20:05:09","modified_gmt":"2023-06-28T02:05:09","slug":"equipo-de-presion-constante-triplex-tx-fdrive","status":"publish","type":"product","link":"https:\/\/sistemashidraulicosqro.com\/index.php\/producto\/equipo-de-presion-constante-triplex-tx-fdrive\/","title":{"rendered":"Equipo de presi\u00f3n constante triplex-tx-fdrive"},"content":{"rendered":"<p>Sistema tipo paquete de presurizaci\u00f3n con ahorro de energ\u00eda<\/p>\n","protected":false},"excerpt":{"rendered":"<p>Sistema tipo paquete de presurizaci\u00f3n con ahorro de energ\u00eda<\/p>\n","protected":false},"featured_media":252,"comment_status":"open","ping_status":"closed","template":"","meta":{"_monsterinsights_skip_tracking":false,"_monsterinsights_sitenote_active":false,"_monsterinsights_sitenote_note":"","_monsterinsights_sitenote_category":0},"product_brand":[],"product_cat":[19],"product_tag":[],"class_list":{"0":"post-259","1":"product","2":"type-product","3":"status-publish","4":"has-post-thumbnail","6":"product_cat-industrial","8":"first","9":"instock","10":"shipping-taxable","11":"product-type-simple"},"aioseo_notices":[],"_links":{"self":[{"href":"https:\/\/sistemashidraulicosqro.com\/index.php\/wp-json\/wp\/v2\/product\/259","targetHints":{"allow":["GET"]}}],"collection":[{"href":"https:\/\/sistemashidraulicosqro.com\/index.php\/wp-json\/wp\/v2\/product"}],"about":[{"href":"https:\/\/sistemashidraulicosqro.com\/index.php\/wp-json\/wp\/v2\/types\/product"}],"replies":[{"embeddable":true,"href":"https:\/\/sistemashidraulicosqro.com\/index.php\/wp-json\/wp\/v2\/comments?post=259"}],"wp:featuredmedia":[{"embeddable":true,"href":"https:\/\/sistemashidraulicosqro.com\/index.php\/wp-json\/wp\/v2\/media\/252"}],"wp:attachment":[{"href":"https:\/\/sistemashidraulicosqro.com\/index.php\/wp-json\/wp\/v2\/media?parent=259"}],"wp:term":[{"taxonomy":"product_brand","embeddable":true,"href":"https:\/\/sistemashidraulicosqro.com\/index.php\/wp-json\/wp\/v2\/product_brand?post=259"},{"taxonomy":"product_cat","embeddable":true,"href":"https:\/\/sistemashidraulicosqro.com\/index.php\/wp-json\/wp\/v2\/product_cat?post=259"},{"taxonomy":"product_tag","embeddable":true,"href":"https:\/\/sistemashidraulicosqro.com\/index.php\/wp-json\/wp\/v2\/product_tag?post=259"}],"curies":[{"name":"wp","href":"https:\/\/api.w.org\/{rel}","templated":true}]}}