{"id":235,"date":"2023-06-27T19:54:03","date_gmt":"2023-06-28T01:54:03","guid":{"rendered":"https:\/\/sistemashidraulicosqro.codenok.com\/?post_type=product&#038;p=235"},"modified":"2023-06-27T19:54:23","modified_gmt":"2023-06-28T01:54:23","slug":"presurizador-1","status":"publish","type":"product","link":"https:\/\/sistemashidraulicosqro.com\/index.php\/producto\/presurizador-1\/","title":{"rendered":"Presurizador 1"},"content":{"rendered":"<p>Presurizador de dise\u00f1o compacto y silencioso, que se compone de un kit de control de f\u00e1cil manejo para el suministro de agua a presi\u00f3n.<\/p>\n","protected":false},"excerpt":{"rendered":"<p>Presurizador de dise\u00f1o compacto y silencioso, que se compone de un kit de control de f\u00e1cil manejo para el suministro de agua a presi\u00f3n.<\/p>\n","protected":false},"featured_media":222,"comment_status":"open","ping_status":"closed","template":"","meta":{"_monsterinsights_skip_tracking":false,"_monsterinsights_sitenote_active":false,"_monsterinsights_sitenote_note":"","_monsterinsights_sitenote_category":0},"product_brand":[],"product_cat":[18],"product_tag":[],"class_list":{"0":"post-235","1":"product","2":"type-product","3":"status-publish","4":"has-post-thumbnail","6":"product_cat-hogar","8":"first","9":"instock","10":"shipping-taxable","11":"product-type-simple"},"aioseo_notices":[],"_links":{"self":[{"href":"https:\/\/sistemashidraulicosqro.com\/index.php\/wp-json\/wp\/v2\/product\/235","targetHints":{"allow":["GET"]}}],"collection":[{"href":"https:\/\/sistemashidraulicosqro.com\/index.php\/wp-json\/wp\/v2\/product"}],"about":[{"href":"https:\/\/sistemashidraulicosqro.com\/index.php\/wp-json\/wp\/v2\/types\/product"}],"replies":[{"embeddable":true,"href":"https:\/\/sistemashidraulicosqro.com\/index.php\/wp-json\/wp\/v2\/comments?post=235"}],"wp:featuredmedia":[{"embeddable":true,"href":"https:\/\/sistemashidraulicosqro.com\/index.php\/wp-json\/wp\/v2\/media\/222"}],"wp:attachment":[{"href":"https:\/\/sistemashidraulicosqro.com\/index.php\/wp-json\/wp\/v2\/media?parent=235"}],"wp:term":[{"taxonomy":"product_brand","embeddable":true,"href":"https:\/\/sistemashidraulicosqro.com\/index.php\/wp-json\/wp\/v2\/product_brand?post=235"},{"taxonomy":"product_cat","embeddable":true,"href":"https:\/\/sistemashidraulicosqro.com\/index.php\/wp-json\/wp\/v2\/product_cat?post=235"},{"taxonomy":"product_tag","embeddable":true,"href":"https:\/\/sistemashidraulicosqro.com\/index.php\/wp-json\/wp\/v2\/product_tag?post=235"}],"curies":[{"name":"wp","href":"https:\/\/api.w.org\/{rel}","templated":true}]}}